{"id":341,"date":"2015-01-19T21:40:42","date_gmt":"2015-01-19T20:40:42","guid":{"rendered":"http:\/\/moehnen.de\/wordpress\/?page_id=341"},"modified":"2021-01-15T10:34:56","modified_gmt":"2021-01-15T09:34:56","slug":"referenzen","status":"publish","type":"page","link":"https:\/\/www.stahlfisch.de\/home\/referenzen\/","title":{"rendered":"Referenzen"},"content":{"rendered":"<div id=\"pl-341\"  class=\"panel-layout\" ><div id=\"pg-341-0\"  class=\"panel-grid panel-no-style\" ><div id=\"pgc-341-0-0\"  class=\"panel-grid-cell\" ><div id=\"panel-341-0-0-0\" class=\"so-panel widget widget_text panel-first-child panel-last-child\" data-index=\"0\" ><h3 class=\"widget-title\">Referenzen<\/h3>\t\t\t<div class=\"textwidget\"><div style=\"text-align:center\">\n<p>Kletterzentrum Erlangen<\/p>\n<p>Kinderhaus Casino F\u00f6hrenstra\u00dfe Bamberg<\/p>\n<p>Schlachthof Bamberg<\/p>\n<p>B\u00fcrgerrathaus Bamberg<\/p>\n<p>Wohnpark am Tivolischl\u00f6sschen Bamberg<\/p>\n<p>IT Campus DATEV N\u00fcrnberg<\/p>\n<p>Basilika Vierzehnheiligen<\/p>\n<p>Regionalzentrum Bamberg<\/p>\n<p>Hochhaus Troppauplatz Bamberg<\/p>\n<p>Josefsheim Bamberg<\/p>\n<p>Clavius-Gymnasium Bamberg<\/p>\n<p>E.T.A Hoffmann-Gymnasium Bamberg<\/p>\n<p>Fernwasserversorgung Oberfranken Kronach<\/p>\n<p>Wohnen bei St. Ludwig N\u00fcrnberg<\/p>\n<p>Zelt der Religionen Bamberg<\/p>\n<p>Rucksackhaus Bamberg<\/p>\n<p>AWO Wohnanlage Oberhaid<\/p>\n<p>Polizei Forchheim<\/p>\n<p>Wohnanlage Pestalozzistra\u00dfe 3a Forchheim<\/p>\n<p>Wohnanlage H\u00f6lderlinstra\u00dfe Forchheim<\/p>\n<p>Ohm-Gymnasium Erlangen<\/p>\n<p>LWQ Schwabach<\/p>\n<p>Studentenappartements \/ Erba-Gel\u00e4nde Bamberg<\/p>\n<p>Kindergarten St. Otto Bamberg<\/p>\n<p>Infanteriekaserne N\u00fcrnberg<\/p>\n<p>Villa Stauffenberg Bamberg<\/p>\n<p>Michelin Hallstadt<\/p>\n<p>FH N\u00fcrnberg<\/p>\n<p>Umbau Erholungsheim St. Elisabeth G\u00f6\u00dfweinstein<\/p>\n<p>Kinderkrippe Oberer Stephansberg Bamberg<\/p>\n<p>Kindergarten Sche\u00dflitz<\/p>\n<p>Kinderkrippe R\u00f6thelheimpark<\/p>\n<p>Jugendg\u00e4stehaus Kaulberg Bamberg<\/p>\n<p>Wohnanlage Forchheim K\u00e4sr\u00f6the<\/p>\n<p>Klinikum am Bruderwald Bamberg<\/p>\n<p>Konzerthalle Bamberg<\/p>\n<p>Tiergarten N\u00fcrnberg <\/p>\n<p>Volksparkstadion Bamberg<\/p>\n<p>Warner Barracks Bamberg<\/p>\n<p>Priesterseminar Bamberg<\/p>\n<p>Hochbeh\u00e4lter Kunigundenruh Bamberg<\/p>\n<p>Hallenbad Bamberg<\/p>\n<p>Siemens Wohnungsgesellschaft Erlangen<\/p>\n<p>Deutsches Haus Bamberg<\/p>\n<p>Neue Synagoge Bamberg<\/p>\n<p>Juraklinik Sche\u00dflitz<\/p>\n<p>Seniorenzentrum St. Elisabeth Sche\u00dflitz<\/p>\n<p>Villa Kunigunde Bamberg \/ Umbau Altenwohnheim zu Wohnungen<\/p>\n<p>Adalbert-Stifter-Schule Forchheim<\/p>\n<p>Dokumentationszentrum N\u00fcrnberg<\/p>\n<p>Norishalle N\u00fcrnberg<\/p>\n<p>Opernhaus N\u00fcrnberg<\/p>\n<p>Kl\u00e4rwerk N\u00fcrnberg<\/p>\n<p>Studentenwohnheim Bamberg<\/p>\n<p>Park- und Ride Anlage Bamberg Breitenau<\/p>\n<p>Alte Hofhaltung Bamberg<\/p>\n<p>Dom Bamberg<\/p>\n<p>Oberlandesgericht Bamberg<\/p>\n<p>Bereitschaftspolizei Bamberg<\/p>\n<p>Klinik Ebermannstadt<\/p>\n<p>Vermessungsamt Erlangen<\/p>\n<p>Thermalbad Obermaintherme Staffelstein<\/p>\n<p>Kurpark Staffelstein<\/p>\n<p>Frankenwaldklinik Kronach<\/p>\n<p>Geh\u00f6rlosensportverein Bamberg<\/p>\n<p>Grundschule Herzogenaurach<\/p>\n<p>Grund- und Hauptschule Wolframs-Eschenbach<\/p>\n<p>Rasthaus Main-Spessart<\/p>\n<p>Universit\u00e4t W\u00fcrzburg<\/p>\n<p>Kompetenzzentrum W\u00fcrzburg<\/p>\n<p>Pfarrheim St. Heinrich Bamberg<\/p>\n<p><b>und vieles, vieles mehr...<\/b><\/p>\n<\/div>\n<\/div>\n\t\t<\/div><\/div><\/div><\/div>","protected":false},"excerpt":{"rendered":"<p>Kletterzentrum Erlangen Kinderhaus Casino F\u00f6hrenstra\u00dfe Bamberg Schlachthof Bamberg B\u00fcrgerrathaus Bamberg Wohnpark am Tivolischl\u00f6sschen Bamberg IT Campus DATEV N\u00fcrnberg Basilika Vierzehnheiligen Regionalzentrum Bamberg Hochhaus Troppauplatz Bamberg Josefsheim Bamberg Clavius-Gymnasium Bamberg E.T.A [&hellip;]<\/p>\n","protected":false},"author":2,"featured_media":0,"parent":0,"menu_order":7,"comment_status":"closed","ping_status":"closed","template":"page_front-page.php","meta":{"footnotes":""},"class_list":["post-341","page","type-page","status-publish","hentry","gallery-content-unit"],"_links":{"self":[{"href":"https:\/\/www.stahlfisch.de\/home\/wp-json\/wp\/v2\/pages\/341","targetHints":{"allow":["GET"]}}],"collection":[{"href":"https:\/\/www.stahlfisch.de\/home\/wp-json\/wp\/v2\/pages"}],"about":[{"href":"https:\/\/www.stahlfisch.de\/home\/wp-json\/wp\/v2\/types\/page"}],"author":[{"embeddable":true,"href":"https:\/\/www.stahlfisch.de\/home\/wp-json\/wp\/v2\/users\/2"}],"replies":[{"embeddable":true,"href":"https:\/\/www.stahlfisch.de\/home\/wp-json\/wp\/v2\/comments?post=341"}],"version-history":[{"count":15,"href":"https:\/\/www.stahlfisch.de\/home\/wp-json\/wp\/v2\/pages\/341\/revisions"}],"predecessor-version":[{"id":737,"href":"https:\/\/www.stahlfisch.de\/home\/wp-json\/wp\/v2\/pages\/341\/revisions\/737"}],"wp:attachment":[{"href":"https:\/\/www.stahlfisch.de\/home\/wp-json\/wp\/v2\/media?parent=341"}],"curies":[{"name":"wp","href":"https:\/\/api.w.org\/{rel}","templated":true}]}}