{"id":16,"date":"2014-12-20T01:30:29","date_gmt":"2014-12-20T00:30:29","guid":{"rendered":"http:\/\/moehnen.de\/wordpress\/?page_id=16"},"modified":"2021-01-28T02:50:43","modified_gmt":"2021-01-28T01:50:43","slug":"stahlfisch","status":"publish","type":"page","link":"https:\/\/www.stahlfisch.de\/home\/","title":{"rendered":"Home"},"content":{"rendered":"<div id=\"pl-16\"  class=\"panel-layout\" ><div id=\"pg-16-0\"  class=\"panel-grid panel-has-style\" ><div class=\"container slider-row panel-row-style panel-row-style-for-16-0\" ><div id=\"pgc-16-0-0\"  class=\"panel-grid-cell\" ><div id=\"panel-16-0-0-0\" class=\"so-panel widget widget_sow-slider panel-first-child panel-last-child\" data-index=\"0\" ><div\n\t\t\t\n\t\t\tclass=\"so-widget-sow-slider so-widget-sow-slider-default-6d39609536fd-16\"\n\t\t\t\n\t\t>\t\t\t\t<div class=\"sow-slider-base\" style=\"display: none\" tabindex=\"0\">\n\t\t\t\t\t<ul\n\t\t\t\t\tclass=\"sow-slider-images\"\n\t\t\t\t\tdata-settings=\"{&quot;pagination&quot;:true,&quot;speed&quot;:800,&quot;timeout&quot;:4000,&quot;paused&quot;:false,&quot;pause_on_hover&quot;:false,&quot;swipe&quot;:true,&quot;nav_always_show_desktop&quot;:&quot;&quot;,&quot;nav_always_show_mobile&quot;:&quot;&quot;,&quot;breakpoint&quot;:&quot;780px&quot;,&quot;unmute&quot;:false,&quot;anchor&quot;:null}\"\n\t\t\t\t\t\t\t\t\t\tdata-anchor-id=\"\"\n\t\t\t\t>\t\t<li class=\"sow-slider-image\" style=\"visibility: visible;\" >\n\t\t\t\t\t\t<img loading=\"lazy\" decoding=\"async\" width=\"1200\" height=\"675\" src=\"https:\/\/www.stahlfisch.de\/home\/wp-content\/uploads\/2014\/12\/Objektbereich2.jpg\" class=\"sow-slider-background-image\" alt=\"\" style=\"\" srcset=\"https:\/\/www.stahlfisch.de\/home\/wp-content\/uploads\/2014\/12\/Objektbereich2.jpg 1200w, https:\/\/www.stahlfisch.de\/home\/wp-content\/uploads\/2014\/12\/Objektbereich2-300x169.jpg 300w, https:\/\/www.stahlfisch.de\/home\/wp-content\/uploads\/2014\/12\/Objektbereich2-1024x576.jpg 1024w, https:\/\/www.stahlfisch.de\/home\/wp-content\/uploads\/2014\/12\/Objektbereich2-750x422.jpg 750w\" sizes=\"auto, (max-width: 1200px) 100vw, 1200px\" \/>\t\t<\/li>\n\t\t\t\t<li class=\"sow-slider-image\" style=\"visibility: hidden;\" >\n\t\t\t\t\t\t<img loading=\"lazy\" decoding=\"async\" width=\"1600\" height=\"900\" src=\"https:\/\/www.stahlfisch.de\/home\/wp-content\/uploads\/2014\/12\/Stahlhalle2.jpg\" class=\"sow-slider-background-image\" alt=\"\" style=\"\" srcset=\"https:\/\/www.stahlfisch.de\/home\/wp-content\/uploads\/2014\/12\/Stahlhalle2.jpg 1600w, https:\/\/www.stahlfisch.de\/home\/wp-content\/uploads\/2014\/12\/Stahlhalle2-300x169.jpg 300w, https:\/\/www.stahlfisch.de\/home\/wp-content\/uploads\/2014\/12\/Stahlhalle2-1024x576.jpg 1024w, https:\/\/www.stahlfisch.de\/home\/wp-content\/uploads\/2014\/12\/Stahlhalle2-750x422.jpg 750w\" sizes=\"auto, (max-width: 1600px) 100vw, 1600px\" \/>\t\t<\/li>\n\t\t\t\t<li class=\"sow-slider-image\" style=\"visibility: hidden;\" >\n\t\t\t\t\t\t<img loading=\"lazy\" decoding=\"async\" width=\"1200\" height=\"675\" src=\"https:\/\/www.stahlfisch.de\/home\/wp-content\/uploads\/2014\/12\/Carport.jpg\" class=\"sow-slider-background-image\" alt=\"\" style=\"\" srcset=\"https:\/\/www.stahlfisch.de\/home\/wp-content\/uploads\/2014\/12\/Carport.jpg 1200w, https:\/\/www.stahlfisch.de\/home\/wp-content\/uploads\/2014\/12\/Carport-300x169.jpg 300w, https:\/\/www.stahlfisch.de\/home\/wp-content\/uploads\/2014\/12\/Carport-1024x576.jpg 1024w, https:\/\/www.stahlfisch.de\/home\/wp-content\/uploads\/2014\/12\/Carport-750x422.jpg 750w\" sizes=\"auto, (max-width: 1200px) 100vw, 1200px\" \/>\t\t<\/li>\n\t\t\t\t<li class=\"sow-slider-image\" style=\"visibility: hidden;\" >\n\t\t\t\t\t\t<img loading=\"lazy\" decoding=\"async\" width=\"1200\" height=\"675\" src=\"https:\/\/www.stahlfisch.de\/home\/wp-content\/uploads\/2014\/12\/BalkoneGelaender.jpg\" class=\"sow-slider-background-image\" alt=\"\" style=\"\" srcset=\"https:\/\/www.stahlfisch.de\/home\/wp-content\/uploads\/2014\/12\/BalkoneGelaender.jpg 1200w, https:\/\/www.stahlfisch.de\/home\/wp-content\/uploads\/2014\/12\/BalkoneGelaender-300x169.jpg 300w, https:\/\/www.stahlfisch.de\/home\/wp-content\/uploads\/2014\/12\/BalkoneGelaender-1024x576.jpg 1024w, https:\/\/www.stahlfisch.de\/home\/wp-content\/uploads\/2014\/12\/BalkoneGelaender-750x422.jpg 750w\" sizes=\"auto, (max-width: 1200px) 100vw, 1200px\" \/>\t\t<\/li>\n\t\t\t\t<li class=\"sow-slider-image\" style=\"visibility: hidden;\" >\n\t\t\t\t\t\t<img loading=\"lazy\" decoding=\"async\" width=\"1200\" height=\"675\" src=\"https:\/\/www.stahlfisch.de\/home\/wp-content\/uploads\/2014\/12\/TreppenGelaender-5.jpg\" class=\"sow-slider-background-image\" alt=\"\" style=\"\" srcset=\"https:\/\/www.stahlfisch.de\/home\/wp-content\/uploads\/2014\/12\/TreppenGelaender-5.jpg 1200w, https:\/\/www.stahlfisch.de\/home\/wp-content\/uploads\/2014\/12\/TreppenGelaender-5-300x169.jpg 300w, https:\/\/www.stahlfisch.de\/home\/wp-content\/uploads\/2014\/12\/TreppenGelaender-5-1024x576.jpg 1024w, https:\/\/www.stahlfisch.de\/home\/wp-content\/uploads\/2014\/12\/TreppenGelaender-5-750x422.jpg 750w\" sizes=\"auto, (max-width: 1200px) 100vw, 1200px\" \/>\t\t<\/li>\n\t\t\t\t<li class=\"sow-slider-image\" style=\"visibility: hidden;\" >\n\t\t\t\t\t\t<img loading=\"lazy\" decoding=\"async\" width=\"711\" height=\"400\" src=\"https:\/\/www.stahlfisch.de\/home\/wp-content\/uploads\/2014\/12\/ToreUndZaeune.jpg\" class=\"sow-slider-background-image\" alt=\"\" style=\"\" srcset=\"https:\/\/www.stahlfisch.de\/home\/wp-content\/uploads\/2014\/12\/ToreUndZaeune.jpg 711w, https:\/\/www.stahlfisch.de\/home\/wp-content\/uploads\/2014\/12\/ToreUndZaeune-300x169.jpg 300w\" sizes=\"auto, (max-width: 711px) 100vw, 711px\" \/>\t\t<\/li>\n\t\t<\/ul>\t\t\t\t<ol class=\"sow-slider-pagination\">\n\t\t\t\t\t\t\t\t\t\t\t<li><a href=\"#\" data-goto=\"0\" aria-label=\"Display slide 1\"><\/a><\/li>\n\t\t\t\t\t\t\t\t\t\t\t<li><a href=\"#\" data-goto=\"1\" aria-label=\"Display slide 2\"><\/a><\/li>\n\t\t\t\t\t\t\t\t\t\t\t<li><a href=\"#\" data-goto=\"2\" aria-label=\"Display slide 3\"><\/a><\/li>\n\t\t\t\t\t\t\t\t\t\t\t<li><a href=\"#\" data-goto=\"3\" aria-label=\"Display slide 4\"><\/a><\/li>\n\t\t\t\t\t\t\t\t\t\t\t<li><a href=\"#\" data-goto=\"4\" aria-label=\"Display slide 5\"><\/a><\/li>\n\t\t\t\t\t\t\t\t\t\t\t<li><a href=\"#\" data-goto=\"5\" aria-label=\"Display slide 6\"><\/a><\/li>\n\t\t\t\t\t\t\t\t\t<\/ol>\n\n\t\t\t\t<div class=\"sow-slide-nav sow-slide-nav-next\">\n\t\t\t\t\t<a href=\"#\" data-goto=\"next\" aria-label=\"Next slide\" data-action=\"next\">\n\t\t\t\t\t\t<em class=\"sow-sld-icon-thin-right\"><\/em>\n\t\t\t\t\t<\/a>\n\t\t\t\t<\/div>\n\n\t\t\t\t<div class=\"sow-slide-nav sow-slide-nav-prev\">\n\t\t\t\t\t<a href=\"#\" data-goto=\"previous\" aria-label=\"Previous slide\" data-action=\"prev\">\n\t\t\t\t\t\t<em class=\"sow-sld-icon-thin-left\"><\/em>\n\t\t\t\t\t<\/a>\n\t\t\t\t<\/div>\n\t\t\t\t<\/div><\/div><\/div><\/div><\/div><\/div><div id=\"pg-16-1\"  class=\"panel-grid panel-no-style\" ><div id=\"pgc-16-1-0\"  class=\"panel-grid-cell\" ><div id=\"panel-16-1-0-0\" class=\"so-panel widget widget_moesia_services moesia_services_widget panel-first-child panel-last-child\" data-index=\"1\" ><div class=\"panel-widget-style panel-widget-style-for-16-1-0-0\" >\t\t<section id=\"services\" class=\"services-area\">\n\t\t\t<div class=\"container\">\n\t\t\t\t<h3 class=\"widget-title\"><span class=\"wow bounce\">Firmenprofil<\/span><\/h3>\t\t\t\t\t\t\t\t\t\t\t\t\t\t\t\t\t\t\t<div class=\"service col-md-4 col-sm-6 col-xs-6\">\n\t\t\t\t\t\t\t\t\t\t\t\t<h4 class=\"service-title wow fadeInUp\">Unser Team<\/h4><div class=\"service-desc wow fadeInUp\"><ul>\r\n \t<li>9 Qualifizierte Facharbeiter<\/li>\r\n \t<li>3 Auszubildende<\/li>\r\n \t<li>1 Metallbaumeister<\/li>\r\n \t<li>1 Metallbaumeister und -Techniker<\/li>\r\n \t<li>1 Kauffrau und Bilanzbuchhalterin<\/li>\r\n<\/ul>\r\nWir pflegen die Zusammenarbeit mit Tiefbauunternehmen, Schreinereien, Zimmereien sowie Glasherstellern, um unseren Kunden Komplettl\u00f6sungen anbieten zu k\u00f6nnen.<\/div>\t\t\t\t\t<\/div>\n\t\t\t\t\t\t\t\t\t\t\t\t\t\t\t\t\t\t\t<div class=\"service col-md-4 col-sm-6 col-xs-6\">\n\t\t\t\t\t\t\t\t\t\t\t\t<h4 class=\"service-title wow fadeInUp\">Qualifikationen<\/h4><div class=\"service-desc wow fadeInUp\"><ul>\r\n \t<li>2 gepr\u00fcfte Schwei\u00dffachm\u00e4nner<\/li>\r\n \t<li>8 gepr\u00fcfte Schwei\u00dfer<\/li>\r\n \t<li>3 Auszubildende<\/li>\r\n \t<li><a href=\"https:\/\/www.stahlfisch.de\/home\/wp-content\/uploads\/2026\/03\/Schweisszertifikat.pdf\">Schwei\u00dfzertifikat gem\u00e4\u00df DIN EN 1090<\/a><\/li>\r\n \t<li><a href=\"https:\/\/www.stahlfisch.de\/home\/wp-content\/uploads\/2026\/03\/Werkseigene-Produktionskontrolle.pdf\">WPK-Zertifikat gem\u00e4\u00df DIN EN 1090<\/a><\/li>\r\n<\/ul><\/div>\t\t\t\t\t<\/div>\n\t\t\t\t\t\t\t\t\t\t\t\t\t\t\t\t\t\t\t<div class=\"service col-md-4 col-sm-6 col-xs-6\">\n\t\t\t\t\t\t\t\t\t\t\t\t<h4 class=\"service-title wow fadeInUp\">Historie<\/h4><div class=\"service-desc wow fadeInUp\"><ul>\r\n\t<li>1910 pachten Margareta und Andreas Fischer die Gemeindeschmiede in Staffelbach.<\/li>\r\n\t<li>1945 \u00fcbernimmt Adam Fischer den elterlichen Betrieb. In dieser Zeit f\u00fchrte unsere Firma erstmals die Art von Schlosserarbeiten aus, wie wir sie heute kennen.<\/li>\r\n\t<li>1977 wird der Betrieb an den Sohn Vinzenz Fischer \u00fcbergeben, welcher das Unternehmen kontinuierlich ausbaut.<\/li>\r\n\t<li>2000 verstirbt Vinzenz Fischer. Martin, Rainer und Anja Fischer f\u00fchren seitdem die Firma weiter.<\/li>\r\n<\/ul><\/div>\t\t\t\t\t<\/div>\n\t\t\t\t\t\t\t<\/div>\n\t\t\t\t\t\t\t\t\t\n\t\t<\/section>\t\t\n\t<\/div><\/div><\/div><\/div><div id=\"pg-16-2\"  class=\"panel-grid panel-no-style\" ><div id=\"pgc-16-2-0\"  class=\"panel-grid-cell\" >\t\t<section id=\"latest-news\" class=\"latest-news-area\">\n\t\t\t<div class=\"container\">\n\t\t\t\t<h3 class=\"widget-title\"><span class=\"wow bounce\">Galerie<\/span><\/h3>\t\t\t\t<div class=\"clearfix\">\n\t\t\t\t\t\t\t\t\t\t\t<div class=\"blog-post col-md-4 col-sm-6 col-xs-12\">\n\t\t\t\t\t\t\t\t\t\t\t\t\t\t\t<div class=\"entry-thumb wow fadeInDown\">\n\t\t\t\t\t\t\t\t\t<a href=\"https:\/\/www.stahlfisch.de\/home\/objektbereich\/\" title=\"Objektbereich\" >\n\t\t\t\t\t\t\t\t\t\t<img loading=\"lazy\" decoding=\"async\" width=\"750\" height=\"563\" src=\"https:\/\/www.stahlfisch.de\/home\/wp-content\/uploads\/2015\/01\/Objektbereich2-750x563.jpg\" class=\"attachment-moesia-thumb size-moesia-thumb wp-post-image\" alt=\"\" srcset=\"https:\/\/www.stahlfisch.de\/home\/wp-content\/uploads\/2015\/01\/Objektbereich2-750x563.jpg 750w, https:\/\/www.stahlfisch.de\/home\/wp-content\/uploads\/2015\/01\/Objektbereich2-300x225.jpg 300w, https:\/\/www.stahlfisch.de\/home\/wp-content\/uploads\/2015\/01\/Objektbereich2-1024x768.jpg 1024w, https:\/\/www.stahlfisch.de\/home\/wp-content\/uploads\/2015\/01\/Objektbereich2.jpg 1600w\" sizes=\"auto, (max-width: 750px) 100vw, 750px\" \/>\t\t\t\t\t\t\t\t\t<\/a>\t\t\t\n\t\t\t\t\t\t\t\t<\/div>\t\n\t\t\t\t\t\t\t\t\t\t\t\t\t\n\t\t\t\t\t\t\t<h4 class=\"entry-title\"><a href=\"https:\/\/www.stahlfisch.de\/home\/objektbereich\/\" rel=\"bookmark\">Objektbereich<\/a><\/h4>\t\t\t\t\t\t\t<div class=\"entry-summary wow fadeInUp\"><\/div>\n\t\t\t\t\t\t<\/div>\n\t\t\t\t\t\t\t\t\t\t\t<div class=\"blog-post col-md-4 col-sm-6 col-xs-12\">\n\t\t\t\t\t\t\t\t\t\t\t\t\t\t\t<div class=\"entry-thumb wow fadeInDown\">\n\t\t\t\t\t\t\t\t\t<a href=\"https:\/\/www.stahlfisch.de\/home\/stahlhallen\/\" title=\"Stahlhallen\" >\n\t\t\t\t\t\t\t\t\t\t<img loading=\"lazy\" decoding=\"async\" width=\"750\" height=\"563\" src=\"https:\/\/www.stahlfisch.de\/home\/wp-content\/uploads\/2015\/02\/Stahlhalle2-750x563.jpg\" class=\"attachment-moesia-thumb size-moesia-thumb wp-post-image\" alt=\"\" srcset=\"https:\/\/www.stahlfisch.de\/home\/wp-content\/uploads\/2015\/02\/Stahlhalle2-750x563.jpg 750w, https:\/\/www.stahlfisch.de\/home\/wp-content\/uploads\/2015\/02\/Stahlhalle2-300x225.jpg 300w, https:\/\/www.stahlfisch.de\/home\/wp-content\/uploads\/2015\/02\/Stahlhalle2-1024x768.jpg 1024w, https:\/\/www.stahlfisch.de\/home\/wp-content\/uploads\/2015\/02\/Stahlhalle2.jpg 1600w\" sizes=\"auto, (max-width: 750px) 100vw, 750px\" \/>\t\t\t\t\t\t\t\t\t<\/a>\t\t\t\n\t\t\t\t\t\t\t\t<\/div>\t\n\t\t\t\t\t\t\t\t\t\t\t\t\t\n\t\t\t\t\t\t\t<h4 class=\"entry-title\"><a href=\"https:\/\/www.stahlfisch.de\/home\/stahlhallen\/\" rel=\"bookmark\">Stahlhallen<\/a><\/h4>\t\t\t\t\t\t\t<div class=\"entry-summary wow fadeInUp\"><\/div>\n\t\t\t\t\t\t<\/div>\n\t\t\t\t\t\t\t\t\t\t\t<div class=\"blog-post col-md-4 col-sm-6 col-xs-12\">\n\t\t\t\t\t\t\t\t\t\t\t\t\t\t\t<div class=\"entry-thumb wow fadeInDown\">\n\t\t\t\t\t\t\t\t\t<a href=\"https:\/\/www.stahlfisch.de\/home\/ueberdachungen-und-carports\/\" title=\"\u00dcberdachungen &#038; Carports\" >\n\t\t\t\t\t\t\t\t\t\t<img loading=\"lazy\" decoding=\"async\" width=\"750\" height=\"563\" src=\"https:\/\/www.stahlfisch.de\/home\/wp-content\/uploads\/2015\/01\/DachCarport-18-750x563.jpg\" class=\"attachment-moesia-thumb size-moesia-thumb wp-post-image\" alt=\"\" srcset=\"https:\/\/www.stahlfisch.de\/home\/wp-content\/uploads\/2015\/01\/DachCarport-18-750x563.jpg 750w, https:\/\/www.stahlfisch.de\/home\/wp-content\/uploads\/2015\/01\/DachCarport-18-300x225.jpg 300w, https:\/\/www.stahlfisch.de\/home\/wp-content\/uploads\/2015\/01\/DachCarport-18-1024x768.jpg 1024w, https:\/\/www.stahlfisch.de\/home\/wp-content\/uploads\/2015\/01\/DachCarport-18.jpg 1600w\" sizes=\"auto, (max-width: 750px) 100vw, 750px\" \/>\t\t\t\t\t\t\t\t\t<\/a>\t\t\t\n\t\t\t\t\t\t\t\t<\/div>\t\n\t\t\t\t\t\t\t\t\t\t\t\t\t\n\t\t\t\t\t\t\t<h4 class=\"entry-title\"><a href=\"https:\/\/www.stahlfisch.de\/home\/ueberdachungen-und-carports\/\" rel=\"bookmark\">\u00dcberdachungen &#038; Carports<\/a><\/h4>\t\t\t\t\t\t\t<div class=\"entry-summary wow fadeInUp\"><\/div>\n\t\t\t\t\t\t<\/div>\n\t\t\t\t\t\t\t\t\t\t\t<div class=\"blog-post col-md-4 col-sm-6 col-xs-12\">\n\t\t\t\t\t\t\t\t\t\t\t\t\t\t\t<div class=\"entry-thumb wow fadeInDown\">\n\t\t\t\t\t\t\t\t\t<a href=\"https:\/\/www.stahlfisch.de\/home\/balkone-gelaender\/\" title=\"Balkone &#038; Gel\u00e4nder\" >\n\t\t\t\t\t\t\t\t\t\t<img loading=\"lazy\" decoding=\"async\" width=\"750\" height=\"563\" src=\"https:\/\/www.stahlfisch.de\/home\/wp-content\/uploads\/2015\/01\/BalkoneGelaender-19-750x563.jpg\" class=\"attachment-moesia-thumb size-moesia-thumb wp-post-image\" alt=\"\" srcset=\"https:\/\/www.stahlfisch.de\/home\/wp-content\/uploads\/2015\/01\/BalkoneGelaender-19-750x563.jpg 750w, https:\/\/www.stahlfisch.de\/home\/wp-content\/uploads\/2015\/01\/BalkoneGelaender-19-300x225.jpg 300w, https:\/\/www.stahlfisch.de\/home\/wp-content\/uploads\/2015\/01\/BalkoneGelaender-19-1024x768.jpg 1024w, https:\/\/www.stahlfisch.de\/home\/wp-content\/uploads\/2015\/01\/BalkoneGelaender-19-e1424887297886.jpg 1600w\" sizes=\"auto, (max-width: 750px) 100vw, 750px\" \/>\t\t\t\t\t\t\t\t\t<\/a>\t\t\t\n\t\t\t\t\t\t\t\t<\/div>\t\n\t\t\t\t\t\t\t\t\t\t\t\t\t\n\t\t\t\t\t\t\t<h4 class=\"entry-title\"><a href=\"https:\/\/www.stahlfisch.de\/home\/balkone-gelaender\/\" rel=\"bookmark\">Balkone &#038; Gel\u00e4nder<\/a><\/h4>\t\t\t\t\t\t\t<div class=\"entry-summary wow fadeInUp\"><\/div>\n\t\t\t\t\t\t<\/div>\n\t\t\t\t\t\t\t\t\t\t\t<div class=\"blog-post col-md-4 col-sm-6 col-xs-12\">\n\t\t\t\t\t\t\t\t\t\t\t\t\t\t\t<div class=\"entry-thumb wow fadeInDown\">\n\t\t\t\t\t\t\t\t\t<a href=\"https:\/\/www.stahlfisch.de\/home\/treppen-gelaender\/\" title=\"Treppen &#038; Gel\u00e4nder\" >\n\t\t\t\t\t\t\t\t\t\t<img loading=\"lazy\" decoding=\"async\" width=\"750\" height=\"563\" src=\"https:\/\/www.stahlfisch.de\/home\/wp-content\/uploads\/2015\/01\/TreppenGelaender-5-750x563.jpg\" class=\"attachment-moesia-thumb size-moesia-thumb wp-post-image\" alt=\"\" srcset=\"https:\/\/www.stahlfisch.de\/home\/wp-content\/uploads\/2015\/01\/TreppenGelaender-5-750x563.jpg 750w, https:\/\/www.stahlfisch.de\/home\/wp-content\/uploads\/2015\/01\/TreppenGelaender-5-300x225.jpg 300w, https:\/\/www.stahlfisch.de\/home\/wp-content\/uploads\/2015\/01\/TreppenGelaender-5-1024x768.jpg 1024w, https:\/\/www.stahlfisch.de\/home\/wp-content\/uploads\/2015\/01\/TreppenGelaender-5.jpg 1600w\" sizes=\"auto, (max-width: 750px) 100vw, 750px\" \/>\t\t\t\t\t\t\t\t\t<\/a>\t\t\t\n\t\t\t\t\t\t\t\t<\/div>\t\n\t\t\t\t\t\t\t\t\t\t\t\t\t\n\t\t\t\t\t\t\t<h4 class=\"entry-title\"><a href=\"https:\/\/www.stahlfisch.de\/home\/treppen-gelaender\/\" rel=\"bookmark\">Treppen &#038; Gel\u00e4nder<\/a><\/h4>\t\t\t\t\t\t\t<div class=\"entry-summary wow fadeInUp\"><\/div>\n\t\t\t\t\t\t<\/div>\n\t\t\t\t\t\t\t\t\t\t\t<div class=\"blog-post col-md-4 col-sm-6 col-xs-12\">\n\t\t\t\t\t\t\t\t\t\t\t\t\t\t\t<div class=\"entry-thumb wow fadeInDown\">\n\t\t\t\t\t\t\t\t\t<a href=\"https:\/\/www.stahlfisch.de\/home\/tore-zaeune\/\" title=\"Tore &#038; Z\u00e4une\" >\n\t\t\t\t\t\t\t\t\t\t<img loading=\"lazy\" decoding=\"async\" width=\"750\" height=\"563\" src=\"https:\/\/www.stahlfisch.de\/home\/wp-content\/uploads\/2015\/01\/ToreZaeune-14-750x563.jpg\" class=\"attachment-moesia-thumb size-moesia-thumb wp-post-image\" alt=\"\" srcset=\"https:\/\/www.stahlfisch.de\/home\/wp-content\/uploads\/2015\/01\/ToreZaeune-14-750x563.jpg 750w, https:\/\/www.stahlfisch.de\/home\/wp-content\/uploads\/2015\/01\/ToreZaeune-14-300x225.jpg 300w, https:\/\/www.stahlfisch.de\/home\/wp-content\/uploads\/2015\/01\/ToreZaeune-14-1024x768.jpg 1024w, https:\/\/www.stahlfisch.de\/home\/wp-content\/uploads\/2015\/01\/ToreZaeune-14-e1424887341579.jpg 1600w\" sizes=\"auto, (max-width: 750px) 100vw, 750px\" \/>\t\t\t\t\t\t\t\t\t<\/a>\t\t\t\n\t\t\t\t\t\t\t\t<\/div>\t\n\t\t\t\t\t\t\t\t\t\t\t\t\t\n\t\t\t\t\t\t\t<h4 class=\"entry-title\"><a href=\"https:\/\/www.stahlfisch.de\/home\/tore-zaeune\/\" rel=\"bookmark\">Tore &#038; Z\u00e4une<\/a><\/h4>\t\t\t\t\t\t\t<div class=\"entry-summary wow fadeInUp\"><\/div>\n\t\t\t\t\t\t<\/div>\n\t\t\t\t\t\t\t\t\t<\/div>\n\t\t\t<\/div>\n\t\t\t\t\t\t\n\t\t<\/section>\t\t\n\t<\/div><\/div><div id=\"pg-16-3\"  class=\"panel-grid panel-no-style\" ><div id=\"pgc-16-3-0\"  class=\"panel-grid-cell\" >\t\t<section id=\"clients\" class=\"clients-area\">\n\t\t\t<div class=\"container\">\n\t\t\t\t<h3 class=\"widget-title\"><span class=\"wow bounce\">Referenzen<\/span><\/h3>\t\t\t\t<div class=\"carousel clearfix slider\">\n\t\t\t\t\t\t\t\t\t\t\t<div class=\"clearfix\">\n\t\t\t\t\t\t\t<div>\n\t\t\t\t\t\t\tStadtteilhaus R\u00f6thelheimpark Erlangen\t\t\t\t\t\t\t<\/div>\n\t\t\t\t\t\t<\/div>\n\t\t\t\t\t\t\t\t\t\t\t<div class=\"clearfix\">\n\t\t\t\t\t\t\t<div>\n\t\t\t\t\t\t\tJVA Ebrach\t\t\t\t\t\t\t<\/div>\n\t\t\t\t\t\t<\/div>\n\t\t\t\t\t\t\t\t\t\t\t<div class=\"clearfix\">\n\t\t\t\t\t\t\t<div>\n\t\t\t\t\t\t\tRucksackhaus Bamberg\t\t\t\t\t\t\t<\/div>\n\t\t\t\t\t\t<\/div>\n\t\t\t\t\t\t\t\t\t\t\t<div class=\"clearfix\">\n\t\t\t\t\t\t\t<div>\n\t\t\t\t\t\t\tJugendg\u00e4stehaus Bamberg\t\t\t\t\t\t\t<\/div>\n\t\t\t\t\t\t<\/div>\n\t\t\t\t\t\t\t\t\t\t\t<div class=\"clearfix\">\n\t\t\t\t\t\t\t<div>\n\t\t\t\t\t\t\tKlinikum am Bruderwald Bamberg\t\t\t\t\t\t\t<\/div>\n\t\t\t\t\t\t<\/div>\n\t\t\t\t\t\t\t\t\t\t\t<div class=\"clearfix\">\n\t\t\t\t\t\t\t<div>\n\t\t\t\t\t\t\tStudentenwohnheim &#8222;Wohnen in Bamberg Mitte&#8220;\t\t\t\t\t\t\t<\/div>\n\t\t\t\t\t\t<\/div>\n\t\t\t\t\t\t\t\t\t\t\t<div class=\"clearfix\">\n\t\t\t\t\t\t\t<div>\n\t\t\t\t\t\t\tLWQ Wohnanlage Schwabach\t\t\t\t\t\t\t<\/div>\n\t\t\t\t\t\t<\/div>\n\t\t\t\t\t\t\t\t\t<\/div>\t\t\t\t\n\t\t\t<\/div>\n\t\t\t\t\t<a href=\"referenzen\/\" class=\"all-news\">Weitere Referenzen<\/a>\t\t\t\n\t\t<\/section>\t\t\n\t<\/div><\/div><div id=\"pg-16-4\"  class=\"panel-grid panel-has-style\" ><div class=\"maps-row panel-row-style panel-row-style-for-16-4\" style=\"background-color: #999999; \" ><div id=\"pgc-16-4-0\"  class=\"panel-grid-cell\" ><div id=\"panel-16-4-0-0\" class=\"widget_text so-panel widget widget_custom_html panel-first-child panel-last-child\" data-index=\"4\" ><div class=\"textwidget custom-html-widget\"><section>\n\t\t\t\t<h3 class=\"widget-title\"><span class=\"wow bounce animated\" style=\"visibility: visible;\">Ihr Weg zu uns<\/span><\/h3>\t\t\t\t\t\n<\/section>\n<iframe loading=\"lazy\" src=\"https:\/\/www.google.com\/maps\/embed?pb=!1m18!1m12!1m3!1d5135.026799536072!2d10.744922033316483!3d49.94547113149907!2m3!1f0!2f0!3f0!3m2!1i1024!2i768!4f13.1!3m3!1m2!1s0x47a23944e5163619%3A0x47a74dabc11de815!2sFischer+Stahlinform+GmbH!5e0!3m2!1sde!2sde!4v1551198230973\" width=\"100%\" height=\"600\" frameborder=\"0\" style=\"border:0\" allowfullscreen><\/iframe><\/div><\/div><\/div><\/div><\/div><\/div>","protected":false},"excerpt":{"rendered":"<p>Firmenprofil Unser Team 9 Qualifizierte Facharbeiter 3 Auszubildende 1 Metallbaumeister 1 Metallbaumeister und -Techniker 1 Kauffrau und Bilanzbuchhalterin Wir pflegen die Zusammenarbeit mit Tiefbauunternehmen, Schreinereien, Zimmereien sowie Glasherstellern, um unseren [&hellip;]<\/p>\n","protected":false},"author":2,"featured_media":0,"parent":0,"menu_order":0,"comment_status":"open","ping_status":"closed","template":"page_front-page.php","meta":{"footnotes":""},"class_list":["post-16","page","type-page","status-publish","hentry","gallery-content-unit"],"_links":{"self":[{"href":"https:\/\/www.stahlfisch.de\/home\/wp-json\/wp\/v2\/pages\/16","targetHints":{"allow":["GET"]}}],"collection":[{"href":"https:\/\/www.stahlfisch.de\/home\/wp-json\/wp\/v2\/pages"}],"about":[{"href":"https:\/\/www.stahlfisch.de\/home\/wp-json\/wp\/v2\/types\/page"}],"author":[{"embeddable":true,"href":"https:\/\/www.stahlfisch.de\/home\/wp-json\/wp\/v2\/users\/2"}],"replies":[{"embeddable":true,"href":"https:\/\/www.stahlfisch.de\/home\/wp-json\/wp\/v2\/comments?post=16"}],"version-history":[{"count":150,"href":"https:\/\/www.stahlfisch.de\/home\/wp-json\/wp\/v2\/pages\/16\/revisions"}],"predecessor-version":[{"id":332,"href":"https:\/\/www.stahlfisch.de\/home\/wp-json\/wp\/v2\/pages\/16\/revisions\/332"}],"wp:attachment":[{"href":"https:\/\/www.stahlfisch.de\/home\/wp-json\/wp\/v2\/media?parent=16"}],"curies":[{"name":"wp","href":"https:\/\/api.w.org\/{rel}","templated":true}]}}